{"id":166,"date":"2023-10-10T13:55:04","date_gmt":"2023-10-10T13:55:04","guid":{"rendered":"https:\/\/tencons.de\/?page_id=166"},"modified":"2023-10-10T14:09:04","modified_gmt":"2023-10-10T14:09:04","slug":"ueber-uns","status":"publish","type":"page","link":"https:\/\/tencons.de\/?page_id=166","title":{"rendered":"\u00dcber uns"},"content":{"rendered":"\t\t<div data-elementor-type=\"wp-page\" data-elementor-id=\"166\" class=\"elementor elementor-166\" data-elementor-settings=\"[]\">\n\t\t\t<div class=\"elementor-inner\">\n\t\t\t\t<div class=\"elementor-section-wrap\">\n\t\t\t\t\t\t\t<section class=\"elementor-element elementor-element-2bd2c6cb elementor-section-boxed elementor-section-height-default elementor-section-height-default elementor-section elementor-top-section\" data-id=\"2bd2c6cb\" data-element_type=\"section\">\n\t\t\t\t\t\t<div class=\"elementor-container elementor-column-gap-default\">\n\t\t\t\t<div class=\"elementor-row\">\n\t\t\t\t<div class=\"elementor-element elementor-element-28f5a58c elementor-column elementor-col-100 elementor-top-column\" data-id=\"28f5a58c\" data-element_type=\"column\">\n\t\t\t<div class=\"elementor-column-wrap  elementor-element-populated\">\n\t\t\t\t\t<div class=\"elementor-widget-wrap\">\n\t\t\t\t<div class=\"elementor-element elementor-element-35668313 elementor-widget elementor-widget-text-editor\" data-id=\"35668313\" data-element_type=\"widget\" data-widget_type=\"text-editor.default\">\n\t\t\t\t<div class=\"elementor-widget-container\">\n\t\t\t\t\t<div class=\"elementor-text-editor elementor-clearfix\"><p><img decoding=\"async\" loading=\"lazy\" class=\"alignnone size-medium wp-image-90\" src=\"http:\/\/tencons.de\/wp-content\/uploads\/2020\/08\/Scan_20190703-278x300.jpg\" alt=\"\" width=\"278\" height=\"300\" srcset=\"https:\/\/tencons.de\/wp-content\/uploads\/2020\/08\/Scan_20190703-278x300.jpg 278w, https:\/\/tencons.de\/wp-content\/uploads\/2020\/08\/Scan_20190703.jpg 321w\" sizes=\"(max-width: 278px) 100vw, 278px\" \/><\/p>\n<p>Tignath Engineering Consultancy Services (TENConS) wurde mit dem Ziel gegr\u00fcndet, mein \u00fcber 44-j\u00e4hriges Fachwissen im Bereich der Instrumentierung und Steuerung in der Energie- und Wasserversorgungsindustrie zu teilen. Nach Abschluss des M.Sc. in Angewandter Physik im Jahr 1973 vom Government Engineering College, Jabalpur, Indien und sp\u00e4ter des M.Sc. (Tech) &#8211; Instrumentation im Jahr 1975 vom Birla Institute of Technology and Science, Pilani, Indien, hatte ich das Privileg, f\u00fcr f\u00fchrende Prozess Automation Lieferanten zun\u00e4chst in Indien und sp\u00e4ter fast 34 Jahre lang bei ABB in Deutschland zu arbeiten. W\u00e4hrend meiner beruflichen Laufbahn hatte ich Gelegenheit, an fast allen Aspekten der Prozessautomatisierung zu arbeiten, wie z. B. Feldinstrumentierung und diskreten sowie modernen verteilten Steuerungssystemen auf der Grundlage moderner Elektronik- und Computertechnologien. Zu Beginn war ich f\u00fcr die Instrumentation System Planung f\u00fcr W\u00e4rmekraftwerken t\u00e4tig. Sp\u00e4ter wechselte ich zur Softwareentwicklung f\u00fcr computergest\u00fctzte Datenerfassungssysteme und sp\u00e4ter zum Design und Engineering von verteilten Prozess Automation Systeme. Im sp\u00e4teren Teil meiner Karriere ab 1995 konzentrierte sich mein Job haupts\u00e4chlich auf den Vertrieb und das Projektmanagement f\u00fcr Automation der Stromerzeugung und Entsalzung Anlagen, \u00fcberwiegend in Indien und Saudi-Arabien. W\u00e4hrend meiner T\u00e4tigkeit als Vertriebs- und Projektmanager reiste ich viel, was mir dabei half, mit vielen renommierten Kunden sowie Lieferanten und Engineering Experten in Deutschland, Indien, Saudi-Arabien und in gewissem Umfang auch in den Vereinigten Arabischen Emiraten, Bahrain, Kuwait und S\u00fcdkorea Kontakte zu kn\u00fcpfen.<\/p>\n<p><!-- \/wp:paragraph --><\/p><\/div>\n\t\t\t\t<\/div>\n\t\t\t\t<\/div>\n\t\t\t\t\t\t<\/div>\n\t\t\t<\/div>\n\t\t<\/div>\n\t\t\t\t\t\t<\/div>\n\t\t\t<\/div>\n\t\t<\/section>\n\t\t\t\t\t\t<\/div>\n\t\t\t<\/div>\n\t\t<\/div>\n\t\t","protected":false},"excerpt":{"rendered":"<p>Tignath Engineering Consultancy Services (TENConS) wurde mit dem Ziel gegr\u00fcndet, mein \u00fcber 44-j\u00e4hriges Fachwissen im Bereich der Instrumentierung und Steuerung in der Energie- und Wasserversorgungsindustrie zu teilen. Nach Abschluss des M.Sc. in Angewandter Physik im Jahr 1973 vom Government Engineering College, Jabalpur, Indien und sp\u00e4ter des M.Sc. (Tech) &#8211; Instrumentation im Jahr 1975 vom Birla [&hellip;]<\/p>\n","protected":false},"author":1,"featured_media":0,"parent":0,"menu_order":0,"comment_status":"closed","ping_status":"closed","template":"","meta":{"footnotes":""},"_links":{"self":[{"href":"https:\/\/tencons.de\/index.php?rest_route=\/wp\/v2\/pages\/166"}],"collection":[{"href":"https:\/\/tencons.de\/index.php?rest_route=\/wp\/v2\/pages"}],"about":[{"href":"https:\/\/tencons.de\/index.php?rest_route=\/wp\/v2\/types\/page"}],"author":[{"embeddable":true,"href":"https:\/\/tencons.de\/index.php?rest_route=\/wp\/v2\/users\/1"}],"replies":[{"embeddable":true,"href":"https:\/\/tencons.de\/index.php?rest_route=%2Fwp%2Fv2%2Fcomments&post=166"}],"version-history":[{"count":2,"href":"https:\/\/tencons.de\/index.php?rest_route=\/wp\/v2\/pages\/166\/revisions"}],"predecessor-version":[{"id":171,"href":"https:\/\/tencons.de\/index.php?rest_route=\/wp\/v2\/pages\/166\/revisions\/171"}],"wp:attachment":[{"href":"https:\/\/tencons.de\/index.php?rest_route=%2Fwp%2Fv2%2Fmedia&parent=166"}],"curies":[{"name":"wp","href":"https:\/\/api.w.org\/{rel}","templated":true}]}}